{"id":9284,"date":"2020-05-19T15:45:02","date_gmt":"2020-05-19T13:45:02","guid":{"rendered":"https:\/\/aoudiaper.com\/?post_type=product&#038;p=9284"},"modified":"2025-06-21T20:03:49","modified_gmt":"2025-06-21T18:03:49","slug":"7-protege-slip-tissu-10-pieces-2-poch-dim-16x14x0-4cm-ref-5001aoud-1386-e-3-94-e-dexpedition","status":"publish","type":"product","link":"https:\/\/aoudiaper.com\/index.php\/produit\/7-protege-slip-tissu-10-pieces-2-poch-dim-16x14x0-4cm-ref-5001aoud-1386-e-3-94-e-dexpedition\/","title":{"rendered":"7 &#8211; Prot\u00e8ge-slip Tissu 10 pi\u00e8ces + 2 Poch, Dim.16x14x0.4cm, R\u00e9f.5001AOUD &#8211; 10,80 \u20ac + 4.72 \u20ac d&rsquo;exp\u00e9dition &#8211; Mini"},"content":{"rendered":"<p><span style=\"color: #000000;\"><strong>Nos produits auront une dur\u00e9e de vie de 6 mois \u00e0 1 an.<\/strong><\/span><\/p>\n<p><span style=\"color: #000000;\"><strong>Ils<\/strong><strong> conviendront aux enfants de m\u00eame aux adultes.<\/strong><\/span><\/p>\n<p><span style=\"color: #000000;\"><b>De plus, notre serviette est con\u00e7ue pour \u00eatre confortable une fois mise en place.<\/b><\/span><\/p>\n<p><span style=\"color: #000000;\"><b>Vous <\/b><b>pourrez<\/b><b> les utilisez en cas de fuite urinaire, d\u2019incontinence, de menstruations.\u00a0<\/b><\/span><\/p>\n<p><span style=\"color: #000000;\"><strong>La composition du tissu est la suivante :\u00a0 80% de coton et renforc\u00e9 et 20% PUL (tissu anti-fuite).<\/strong><\/span><\/p>\n<p><span style=\"color: #000000;\"><b>Nos serviettes hygi\u00e9niques \u00ab\u00a0mini\u00a0\u00bb et \u00ab\u00a0<\/b><b>normal\u00a0\u00bb<\/b><b>\u00a0sont invisibles sous vos v\u00eatements habituels.\u00a0<\/b><\/span><\/p>\n<p><span style=\"color: #000000;\"><strong>Enfin, notre gamme est \u00e0 0% de produits chimiques et lavable en machine entre 60\u00b0C et 90\u00b0C.<\/strong><\/span><\/p>\n","protected":false},"excerpt":{"rendered":"<p><span style=\"color: #000000;\"><strong>AOUDIAPER est une Marque D\u00e9pos\u00e9e<\/strong><\/span><\/p>\n<table width=\"527\">\n<tbody>\n<tr>\n<td width=\"47\"><\/td>\n<td><span style=\"color: #000000;\"><strong><u>NOS ENGAGEMENTS<\/u><\/strong><\/span><\/p>\n<p><span style=\"color: #000000;\"><strong>Ils supporteront les d\u00e9tachants pour leur entretien.<\/strong><\/span><\/p>\n<p><span style=\"color: #000000;\"><strong>Ils aideront \u00e0 la diminution des allergies et des infections.<\/strong><\/span><\/p>\n<p><span style=\"color: #000000;\"><strong>Ils contribueront \u00e0 votre gu\u00e9rison.<\/strong><\/span><\/p>\n<p><span style=\"color: #000000;\"><strong>Ils pr\u00e9serveront les parties intimes de votre corps.<\/strong><\/span><\/p>\n<p><span style=\"color: #000000;\"><strong>En coton vous les utiliserez quotidiennement.<\/strong><\/span><\/p>\n<ul>\n<li><span style=\"color: #000000;\"><strong><span style=\"font-size: 14px;\">Nos prix sont calcul\u00e9s au plus juste pour votre satisfaction.<\/span><\/strong><\/span><\/li>\n<li><span style=\"color: #000000;\"><strong><em>Paiement par CB.<\/em><\/strong><strong><em><br \/>\n<\/em><\/strong><\/span><\/li>\n<\/ul>\n<\/td>\n<\/tr>\n<\/tbody>\n<\/table>\n","protected":false},"featured_media":12666,"template":"","meta":[],"product_brand":[],"product_cat":[35],"product_tag":[36],"class_list":{"0":"post-9284","1":"product","2":"type-product","3":"status-publish","4":"has-post-thumbnail","6":"product_cat-mini","7":"product_tag-aoudiaper","8":"product_shipping_class-101-250","10":"first","11":"instock","12":"sale","13":"shipping-taxable","14":"purchasable","15":"product-type-simple"},"_links":{"self":[{"href":"https:\/\/aoudiaper.com\/index.php\/wp-json\/wp\/v2\/product\/9284","targetHints":{"allow":["GET"]}}],"collection":[{"href":"https:\/\/aoudiaper.com\/index.php\/wp-json\/wp\/v2\/product"}],"about":[{"href":"https:\/\/aoudiaper.com\/index.php\/wp-json\/wp\/v2\/types\/product"}],"wp:featuredmedia":[{"embeddable":true,"href":"https:\/\/aoudiaper.com\/index.php\/wp-json\/wp\/v2\/media\/12666"}],"wp:attachment":[{"href":"https:\/\/aoudiaper.com\/index.php\/wp-json\/wp\/v2\/media?parent=9284"}],"wp:term":[{"taxonomy":"product_brand","embeddable":true,"href":"https:\/\/aoudiaper.com\/index.php\/wp-json\/wp\/v2\/product_brand?post=9284"},{"taxonomy":"product_cat","embeddable":true,"href":"https:\/\/aoudiaper.com\/index.php\/wp-json\/wp\/v2\/product_cat?post=9284"},{"taxonomy":"product_tag","embeddable":true,"href":"https:\/\/aoudiaper.com\/index.php\/wp-json\/wp\/v2\/product_tag?post=9284"}],"curies":[{"name":"wp","href":"https:\/\/api.w.org\/{rel}","templated":true}]}}