{"id":15144,"date":"2020-05-19T15:45:34","date_gmt":"2020-05-19T13:45:34","guid":{"rendered":"https:\/\/aoudiaper.com\/?post_type=product&#038;p=15144"},"modified":"2025-06-21T19:58:48","modified_gmt":"2025-06-21T17:58:48","slug":"6-protege-slip-tissu-10-pieces-dim-16x14x0-4cm-ref-8004aoud-916-e-4-72-e-dexpedition","status":"publish","type":"product","link":"https:\/\/aoudiaper.com\/index.php\/produit\/6-protege-slip-tissu-10-pieces-dim-16x14x0-4cm-ref-8004aoud-916-e-4-72-e-dexpedition\/","title":{"rendered":"6 &#8211; Prot\u00e8ge-slip Tissu 10 pi\u00e8ces, Dim.16x14x0.4cm, R\u00e9f.8004AOUD &#8211; 10,00 \u20ac + 4.72 \u20ac d&rsquo;exp\u00e9dition &#8211; Mini"},"content":{"rendered":"<p><span style=\"color: #000000;\"><strong>Our products will have a lifespan of 6 months to 1 year.<\/strong><\/span><\/p>\n<p><span style=\"color: #000000;\"><strong><span lang=\"en\">They will suit children as well as adults.<\/span><\/strong><\/span><\/p>\n<p id=\"tw-target-text\" class=\"tw-data-text tw-text-large tw-ta\" dir=\"ltr\" data-placeholder=\"Traduction\"><span style=\"color: #000000;\"><strong><span lang=\"en\">In addition, our towel is designed to be comfortable once in place.<\/span><\/strong><\/span><\/p>\n<p><span style=\"color: #000000;\"><strong>You can use them in case of urine leakage, incontinence, menstruation.<\/strong><\/span><\/p>\n<p><span style=\"color: #000000;\"><strong>The composition of the fabric is as follows: 80% cotton and reinforced and 20% PUL (anti-leakage fabric).<\/strong><\/span><\/p>\n<p><span style=\"color: #000000;\"><strong>Our sanitary napkins \u00ab\u00a0mini\u00a0\u00bb and \u00ab\u00a0normal\u00a0\u00bb are invisible under your usual clothes.<\/strong><\/span><\/p>\n<p id=\"tw-target-text\" class=\"tw-data-text tw-text-large tw-ta\" dir=\"ltr\" data-placeholder=\"Traduction\"><span style=\"color: #000000;\"><strong><span lang=\"en\">Finally, our range is 0% chemical and machine washable between 60\u00b0C and 90\u00b0C.<\/span><\/strong><\/span><\/p>\n","protected":false},"excerpt":{"rendered":"<p><span style=\"color: #000000;\"><strong>AOUDIAPER is a Trademark<\/strong><\/span><\/p>\n<table width=\"527\">\n<tbody>\n<tr>\n<td width=\"47\"><\/td>\n<td><span style=\"color: #000000;\"><strong><u>OUR ENGAGEMENTS<\/u><\/strong><\/span><\/p>\n<p id=\"tw-target-text\" class=\"tw-data-text tw-text-large tw-ta\" dir=\"ltr\" data-placeholder=\"Traduction\"><strong><span lang=\"en\" style=\"color: #000000;\">They will support the stain removers for their maintenance.<\/span><\/strong><\/p>\n<p id=\"tw-target-text\" class=\"tw-data-text tw-text-large tw-ta\" dir=\"ltr\" data-placeholder=\"Traduction\"><strong><span lang=\"en\" style=\"color: #000000;\">They will help decrease allergies and infections.<\/span><\/strong><\/p>\n<p><strong><span style=\"color: #000000;\">They will contribute to your healing.<\/span><\/strong><\/p>\n<p id=\"tw-target-text\" class=\"tw-data-text tw-text-large tw-ta\" dir=\"ltr\" data-placeholder=\"Traduction\"><strong><span lang=\"en\" style=\"color: #000000;\">They will preserve the private parts of your body.<\/span><\/strong><\/p>\n<p><strong><span style=\"color: #000000;\">In cotton you will use them daily.<\/span><\/strong><\/p>\n<ul>\n<li><span style=\"color: #000000;\"><strong><span style=\"font-size: 14px;\">Our prices are calculated as just as possible for your satisfaction.<\/span><\/strong><\/span><\/li>\n<li><span style=\"color: #000000;\"><strong><em>Payment by credit card.<\/em><\/strong><\/span><\/li>\n<\/ul>\n<\/td>\n<\/tr>\n<\/tbody>\n<\/table>\n","protected":false},"featured_media":8016,"template":"","meta":[],"product_brand":[],"product_cat":[35],"product_tag":[36],"class_list":{"0":"post-15144","1":"product","2":"type-product","3":"status-publish","4":"has-post-thumbnail","6":"product_cat-mini","7":"product_tag-aoudiaper","8":"product_shipping_class-101-250","10":"first","11":"instock","12":"shipping-taxable","13":"purchasable","14":"product-type-simple"},"_links":{"self":[{"href":"https:\/\/aoudiaper.com\/index.php\/wp-json\/wp\/v2\/product\/15144","targetHints":{"allow":["GET"]}}],"collection":[{"href":"https:\/\/aoudiaper.com\/index.php\/wp-json\/wp\/v2\/product"}],"about":[{"href":"https:\/\/aoudiaper.com\/index.php\/wp-json\/wp\/v2\/types\/product"}],"wp:featuredmedia":[{"embeddable":true,"href":"https:\/\/aoudiaper.com\/index.php\/wp-json\/wp\/v2\/media\/8016"}],"wp:attachment":[{"href":"https:\/\/aoudiaper.com\/index.php\/wp-json\/wp\/v2\/media?parent=15144"}],"wp:term":[{"taxonomy":"product_brand","embeddable":true,"href":"https:\/\/aoudiaper.com\/index.php\/wp-json\/wp\/v2\/product_brand?post=15144"},{"taxonomy":"product_cat","embeddable":true,"href":"https:\/\/aoudiaper.com\/index.php\/wp-json\/wp\/v2\/product_cat?post=15144"},{"taxonomy":"product_tag","embeddable":true,"href":"https:\/\/aoudiaper.com\/index.php\/wp-json\/wp\/v2\/product_tag?post=15144"}],"curies":[{"name":"wp","href":"https:\/\/api.w.org\/{rel}","templated":true}]}}