{"id":7782,"date":"2020-06-02T18:00:08","date_gmt":"2020-06-02T16:00:08","guid":{"rendered":"https:\/\/aoudiaper.com\/?page_id=7782"},"modified":"2020-06-02T17:56:46","modified_gmt":"2020-06-02T15:56:46","slug":"mentions-legales","status":"publish","type":"page","link":"https:\/\/aoudiaper.com\/index.php\/mentions-legales\/","title":{"rendered":"Mentions L\u00e9gales"},"content":{"rendered":"<div id=\"pl-7782\"  class=\"panel-layout\" >\n<div id=\"pg-7782-0\"  class=\"panel-grid panel-has-style\"  data-style=\"{&quot;padding&quot;:&quot;30px 50px 50px 50px&quot;,&quot;background_display&quot;:&quot;tile&quot;,&quot;bottom_margin&quot;:&quot;80px&quot;,&quot;cell_alignment&quot;:&quot;flex-start&quot;}\" >\n<div class=\"panel-row-style panel-row-style-for-7782-0\" >\n<div id=\"pgc-7782-0-0\"  class=\"panel-grid-cell\"  data-weight=\"1\" >\n<div id=\"panel-7782-0-0-0\" class=\"so-panel widget widget_sow-editor panel-first-child panel-last-child\" data-index=\"0\" data-style=\"{&quot;background_image_attachment&quot;:false,&quot;background_display&quot;:&quot;tile&quot;,&quot;big_widget_title&quot;:&quot;&quot;,&quot;small_widget_title&quot;:&quot;&quot;,&quot;white_widget_title&quot;:&quot;&quot;,&quot;featured_box&quot;:&quot;&quot;,&quot;white_featured_box&quot;:&quot;&quot;}\" >\n<div class=\"so-widget-sow-editor so-widget-sow-editor-base\">\n<h3 class=\"widget-title\">Mentions L\u00e9gales<\/h3>\n<div class=\"siteorigin-widget-tinymce textwidget\">\n<h3>Si\u00e8ge social<\/h3>\n<p><strong>AOUDIAPER<\/strong><br \/>\nMasque lavable tissu pouvant supporter 60\u00b0C en blanc pour sa d\u00e9sinfestation contre la maladie. Site de r\u00e9f\u00e9rence \u00e0 visiter.<\/p>\n<h3>Editeur<\/h3>\n<p>Propri\u00e9taire et \u00e9diteur du site : Aoudiaper<br \/>\nDirectrice de la publication : C\u00e9line Aoudia<br \/>\nWebmaster du site : hello(at)format-raisin.com<br \/>\nH\u00e9bergeur : OVH SAS<br \/>\n2 rue Kellermann<br \/>\n59100 Roubaix<br \/>\nFrance<\/p>\n<h3>Commission Nationale de l&rsquo;Informatique et des Libert\u00e9s<\/h3>\n<p>Ce site est d\u00e9clar\u00e9 \u00e0 la Commission Nationale Informatique et Libert\u00e9s (CNIL) sous (en attente).En outre, il est conforme aux dispositions de la Loi 78-17 du 6 janvier 1978 relative \u00e0 l\u2019informatique, aux fichiers et aux libert\u00e9s. En vertu de celle-ci l\u2019Utilisateur b\u00e9n\u00e9ficie notamment d\u2019un droit d\u2019opposition (art. 32 et 38), d\u2019acc\u00e8s (art. 38 et 39) et de rectification (art. 40) des donn\u00e9es le concernant.<\/p>\n<p>Pour faire usage de celui-ci, l\u2019Utilisateur doit s\u2019adresser \u00e0 l\u2019\u00c9diteur en le contactant \u00e0 l\u2019adresse suivante : aoudiaper@gmail.com, ou par courrier adress\u00e9 au si\u00e8ge social de l\u2019\u00c9diteur en pr\u00e9cisant ses nom, pr\u00e9nom(s), adresse et adresse(s) e-mail.<\/p>\n<h3>Propri\u00e9t\u00e9s intellectuelles<\/h3>\n<p>Le site internet \u00ab www.aoudiaper.com \u00bb est une \u0153uvre de l\u2019esprit prot\u00e9g\u00e9e par les lois sur la propri\u00e9t\u00e9 intellectuelle. Le site et chacun des \u00e9l\u00e9ments qui le composent (images, logos,\u00a0base de donn\u00e9es etc.) sont la propri\u00e9t\u00e9 exclusive de <strong>Aoudiper qui est une marque d\u00e9pos\u00e9e.<\/strong><\/p>\n<p>Aussi, toute reproduction ou repr\u00e9sentation, int\u00e9grale ou partielle, du site ou de l\u2019un quelconque des \u00e9l\u00e9ments qui le composent, est interdite de m\u00eame que leur alt\u00e9ration.<\/p>\n<p><strong>La marque Aoudiaper, ses mod\u00e8les et dessins sont enregistr\u00e9s aupr\u00e8s de l\u2019INPI. Toute reproduction sans l\u2019autorisation du titulaire est interdite, conform\u00e9ment aux dispositions des livres I, V et VII du Code de la Propri\u00e9t\u00e9 intellectuelle.<\/strong><\/p>\n<h3>Responsabilit\u00e9<\/h3>\n<p>Les articles de ce site et du blog r\u00e9sultent en g\u00e9n\u00e9ral de la compilation d&rsquo;informations en provenance de plusieurs sources et d&rsquo;exp\u00e9riences personnelles. Dans la mesure du possible, ils tentent de compiler une documentation exhaustive dont les sources sont cit\u00e9es. Toute personne mettant en application ces renseignements le fait \u00e0 ses propres risques.<\/p>\n<p>Aussi,<strong> Aoudiaper\u00a0<\/strong>n&rsquo;assume aucune responsabilit\u00e9 des dommages susceptibles de r\u00e9sulter de l&rsquo;usage de ces renseignements. En particulier toute d\u00e9cision concernant un traitement m\u00e9dical devrait toujours se prendre en consultation avec un professionnel de la sant\u00e9 qualifi\u00e9.<\/p>\n<h3>Cookies<\/h3>\n<p>L&rsquo;utilisateur est inform\u00e9\u00a0que lors de ses visites sur le site, un cookie peut s&rsquo;installer automatiquement sur son logiciel de navigation. Un cookie est un \u00e9l\u00e9ment qui ne permet pas d&rsquo;identifier l&rsquo;utilisateur mais sert \u00e0 enregistrer des informations relatives \u00e0 la navigation de celui-ci sur le site Internet.<\/p>\n<p>&nbsp;<\/p>\n<p>Conform\u00e9ment \u00e0 la l\u00e9gislation europ\u00e9enne, le site Aoudiaper a mis \u00e0 jour sa politique de confidentialit\u00e9 en mati\u00e8re de cookies. L\u2019Utilisateur est libre d\u2019accepter ou de refuser les cookies de tous les sites internet en modifiant les param\u00e8tres de son navigateur internet.<\/p>\n<p><strong>AOUDIAPER<\/strong><br \/>\n1 All\u00e9e Georges Agniel &#8211; 01140 Saint-Didier-Sur-Chalaronne<br \/>\nStatut : Auto-entrepreneur<br \/>\nSiren :\u00a0 830 517 629 RM01 &#8211; APE-NAF: 1722Z<br \/>\nEmail : aoudiaper[@]gmail.com<\/p>\n<p style=\"text-align: right;\">[button href=\u00a0\u00bbhttps:\/\/aoudiaper.com\u00a0\u00bb]Retour page d&rsquo;accueil[\/button]<\/p>\n<hr \/>\n<p>par exemple, surtout, en outre, de m\u00eame, apr\u00e8s cela, en conclusion,<\/p>\n<\/div>\n<\/div>\n<\/div>\n<\/div>\n<\/div>\n<\/div>\n<\/div>\n","protected":false},"excerpt":{"rendered":"<p>Mentions L\u00e9gales Si\u00e8ge social AOUDIAPER Masque lavable tissu pouvant supporter 60\u00b0C en blanc pour sa d\u00e9sinfestation contre la maladie. Site de r\u00e9f\u00e9rence \u00e0 visiter. Editeur Propri\u00e9taire et \u00e9diteur du site : Aoudiaper Directrice de la publication : C\u00e9line Aoudia Webmaster du site : hello(at)format-raisin.com H\u00e9bergeur : OVH SAS 2 rue Kellermann 59100 Roubaix France Commission [&hellip;]<\/p>\n","protected":false},"author":1,"featured_media":0,"parent":0,"menu_order":0,"comment_status":"closed","ping_status":"closed","template":"","meta":{"footnotes":""},"class_list":["post-7782","page","type-page","status-publish","hentry"],"_links":{"self":[{"href":"https:\/\/aoudiaper.com\/index.php\/wp-json\/wp\/v2\/pages\/7782","targetHints":{"allow":["GET"]}}],"collection":[{"href":"https:\/\/aoudiaper.com\/index.php\/wp-json\/wp\/v2\/pages"}],"about":[{"href":"https:\/\/aoudiaper.com\/index.php\/wp-json\/wp\/v2\/types\/page"}],"author":[{"embeddable":true,"href":"https:\/\/aoudiaper.com\/index.php\/wp-json\/wp\/v2\/users\/1"}],"replies":[{"embeddable":true,"href":"https:\/\/aoudiaper.com\/index.php\/wp-json\/wp\/v2\/comments?post=7782"}],"version-history":[{"count":227,"href":"https:\/\/aoudiaper.com\/index.php\/wp-json\/wp\/v2\/pages\/7782\/revisions"}],"predecessor-version":[{"id":16451,"href":"https:\/\/aoudiaper.com\/index.php\/wp-json\/wp\/v2\/pages\/7782\/revisions\/16451"}],"wp:attachment":[{"href":"https:\/\/aoudiaper.com\/index.php\/wp-json\/wp\/v2\/media?parent=7782"}],"curies":[{"name":"wp","href":"https:\/\/api.w.org\/{rel}","templated":true}]}}