{"id":7728,"date":"2020-06-02T18:00:29","date_gmt":"2020-06-02T16:00:29","guid":{"rendered":"https:\/\/aoudiaper.com\/?page_id=7728"},"modified":"2020-06-02T17:56:32","modified_gmt":"2020-06-02T15:56:32","slug":"conseils-dentretien","status":"publish","type":"page","link":"https:\/\/aoudiaper.com\/index.php\/conseils-dentretien\/","title":{"rendered":"Conseils d&rsquo;entretien"},"content":{"rendered":"<div id=\"pl-7728\"  class=\"panel-layout\" >\n<div id=\"pg-7728-0\"  class=\"panel-grid panel-no-style\"  data-style=\"{&quot;background_display&quot;:&quot;tile&quot;,&quot;bottom_margin&quot;:&quot;50px&quot;,&quot;cell_alignment&quot;:&quot;flex-start&quot;}\" >\n<div id=\"pgc-7728-0-0\"  class=\"panel-grid-cell\"  data-weight=\"1\" >\n<div id=\"panel-7728-0-0-0\" class=\"so-panel widget widget_sow-editor panel-first-child panel-last-child\" data-index=\"0\" data-style=\"{&quot;background_image_attachment&quot;:false,&quot;background_display&quot;:&quot;tile&quot;,&quot;big_widget_title&quot;:&quot;&quot;,&quot;small_widget_title&quot;:&quot;&quot;,&quot;white_widget_title&quot;:&quot;&quot;,&quot;featured_box&quot;:&quot;&quot;,&quot;white_featured_box&quot;:&quot;&quot;}\" >\n<div class=\"so-widget-sow-editor so-widget-sow-editor-base\">\n<h3 class=\"widget-title\">Aide et Conseils sur nos produits<\/h3>\n<div class=\"siteorigin-widget-tinymce textwidget\">\n<h5>1) Nos produits participent \u00e0 votre sant\u00e9<\/h5>\n<h5><\/h5>\n<\/div>\n<\/div>\n<\/div>\n<\/div>\n<\/div>\n<div id=\"pg-7728-1\"  class=\"panel-grid panel-has-style\"  data-style=\"{&quot;padding&quot;:&quot;50px 50px 50px 50px&quot;,&quot;background&quot;:&quot;#00bfbf&quot;,&quot;background_display&quot;:&quot;tile&quot;,&quot;bottom_margin&quot;:&quot;50px&quot;,&quot;cell_alignment&quot;:&quot;flex-start&quot;}\" >\n<div class=\"panel-row-style panel-row-style-for-7728-1\" >\n<div id=\"pgc-7728-1-0\"  class=\"panel-grid-cell\"  data-weight=\"1\" >\n<div id=\"panel-7728-1-0-0\" class=\"so-panel widget widget_sow-editor panel-first-child panel-last-child\" data-index=\"1\" data-style=\"{&quot;padding&quot;:&quot;50px 50px 50px 50px&quot;,&quot;background&quot;:&quot;#ffffff&quot;,&quot;background_image_attachment&quot;:false,&quot;background_display&quot;:&quot;tile&quot;,&quot;border_color&quot;:&quot;#e8e8e8&quot;,&quot;big_widget_title&quot;:&quot;&quot;,&quot;small_widget_title&quot;:&quot;&quot;,&quot;white_widget_title&quot;:&quot;&quot;,&quot;featured_box&quot;:&quot;&quot;,&quot;white_featured_box&quot;:&quot;&quot;}\" >\n<div class=\"panel-widget-style panel-widget-style-for-7728-1-0-0\" >\n<div class=\"so-widget-sow-editor so-widget-sow-editor-base\">\n<div class=\"siteorigin-widget-tinymce textwidget\">\n<h3>1\u00b0 AIDE<\/h3>\n<h3>Il est conseill\u00e9 d&rsquo;utiliser des produits en tissus pour votre sant\u00e9 et pour \u00e9viter tous risques d&rsquo;allergies<\/h3>\n<p>Ils supprimeront les allergies et autres d\u00e9sagr\u00e9ments g\u00e9n\u00e9rer par les produits chimiques mis dans les protections traditionnelles<\/p>\n<p>&nbsp;<\/p>\n<\/div>\n<\/div>\n<\/div>\n<\/div>\n<\/div>\n<\/div>\n<\/div>\n<div id=\"pg-7728-2\"  class=\"panel-grid panel-has-style\"  data-style=\"{&quot;background&quot;:&quot;#6c3497&quot;,&quot;background_display&quot;:&quot;tile&quot;,&quot;bottom_margin&quot;:&quot;0px&quot;,&quot;row_stretch&quot;:&quot;full&quot;,&quot;cell_alignment&quot;:&quot;flex-start&quot;}\" >\n<div class=\"siteorigin-panels-stretch panel-row-style panel-row-style-for-7728-2\" data-stretch-type=\"full\" >\n<div id=\"pgc-7728-2-0\"  class=\"panel-grid-cell\"  data-weight=\"1\" >\n<div id=\"panel-7728-2-0-0\" class=\"so-panel widget widget_sow-editor panel-first-child panel-last-child\" data-index=\"2\" data-style=\"{&quot;padding&quot;:&quot;50px 50px 50px 50px&quot;,&quot;background_image_attachment&quot;:false,&quot;background_display&quot;:&quot;tile&quot;,&quot;font_color&quot;:&quot;#ffffff&quot;,&quot;big_widget_title&quot;:&quot;&quot;,&quot;small_widget_title&quot;:&quot;&quot;,&quot;white_widget_title&quot;:&quot;&quot;,&quot;featured_box&quot;:&quot;&quot;,&quot;white_featured_box&quot;:&quot;&quot;}\" >\n<div class=\"panel-widget-style panel-widget-style-for-7728-2-0-0\" >\n<div class=\"so-widget-sow-editor so-widget-sow-editor-base\">\n<div class=\"siteorigin-widget-tinymce textwidget\">\n\txxxx<\/div>\n<\/div>\n<\/div>\n<\/div>\n<\/div>\n<\/div>\n<\/div>\n<\/div>\n","protected":false},"excerpt":{"rendered":"<p>Aide et Conseils sur nos produits 1) Nos produits participent \u00e0 votre sant\u00e9 1\u00b0 AIDE Il est conseill\u00e9 d&rsquo;utiliser des produits en tissus pour votre sant\u00e9 et pour \u00e9viter tous risques d&rsquo;allergies Ils supprimeront les allergies et autres d\u00e9sagr\u00e9ments g\u00e9n\u00e9rer par les produits chimiques mis dans les protections traditionnelles &nbsp; xxxx<\/p>\n","protected":false},"author":1,"featured_media":0,"parent":0,"menu_order":0,"comment_status":"closed","ping_status":"closed","template":"","meta":{"footnotes":""},"class_list":["post-7728","page","type-page","status-publish","hentry"],"_links":{"self":[{"href":"https:\/\/aoudiaper.com\/index.php\/wp-json\/wp\/v2\/pages\/7728","targetHints":{"allow":["GET"]}}],"collection":[{"href":"https:\/\/aoudiaper.com\/index.php\/wp-json\/wp\/v2\/pages"}],"about":[{"href":"https:\/\/aoudiaper.com\/index.php\/wp-json\/wp\/v2\/types\/page"}],"author":[{"embeddable":true,"href":"https:\/\/aoudiaper.com\/index.php\/wp-json\/wp\/v2\/users\/1"}],"replies":[{"embeddable":true,"href":"https:\/\/aoudiaper.com\/index.php\/wp-json\/wp\/v2\/comments?post=7728"}],"version-history":[{"count":268,"href":"https:\/\/aoudiaper.com\/index.php\/wp-json\/wp\/v2\/pages\/7728\/revisions"}],"predecessor-version":[{"id":16453,"href":"https:\/\/aoudiaper.com\/index.php\/wp-json\/wp\/v2\/pages\/7728\/revisions\/16453"}],"wp:attachment":[{"href":"https:\/\/aoudiaper.com\/index.php\/wp-json\/wp\/v2\/media?parent=7728"}],"curies":[{"name":"wp","href":"https:\/\/api.w.org\/{rel}","templated":true}]}}