{"id":55,"date":"2020-06-02T18:00:50","date_gmt":"2020-06-02T16:00:50","guid":{"rendered":"http:\/\/export-xml.qreativethemes.com\/physio\/?page_id=55"},"modified":"2022-02-16T16:20:45","modified_gmt":"2022-02-16T15:20:45","slug":"protege-slip-lavable","status":"publish","type":"page","link":"https:\/\/aoudiaper.com\/","title":{"rendered":"AOUDIAPER | Le Professionnel du prot\u00e8ge-slip r\u00e9utilisable"},"content":{"rendered":"\n<p><\/p>\n\n\n\n<figure class=\"wp-block-image size-large is-style-default\"><img decoding=\"async\" src=\"https:\/\/aoudiaper.com\/wp-content\/uploads\/2015\/11\/cropped-imageHeader-1-2.jpg\" alt=\"\"\/><\/figure>\n\n\n\n<div class=\"wp-block-columns is-layout-flex wp-container-core-columns-is-layout-9d6595d7 wp-block-columns-is-layout-flex\">\n<div class=\"wp-block-column is-layout-flow wp-block-column-is-layout-flow\" style=\"flex-basis:100%\">\n<div class=\"wp-block-group\"><div class=\"wp-block-group__inner-container is-layout-flow wp-block-group-is-layout-flow\">\n<div id=\"pl-55\" class=\"panel-layout\">\n<div id=\"pg-55-0\" class=\"panel-grid panel-no-style\" data-style=\"{&quot;background_display&quot;:&quot;tile&quot;,&quot;bottom_margin&quot;:&quot;70px&quot;,&quot;cell_alignment&quot;:&quot;flex-start&quot;}\">\n<div id=\"pgc-55-0-0\" class=\"panel-grid-cell\" data-weight=\"0.33333333333333\">\n<div data-index=\"0\" data-style=\"{&quot;background_image_attachment&quot;:false,&quot;background_display&quot;:&quot;tile&quot;,&quot;big_widget_title&quot;:&quot;&quot;,&quot;small_widget_title&quot;:&quot;&quot;,&quot;white_widget_title&quot;:&quot;&quot;,&quot;featured_box&quot;:&quot;&quot;,&quot;white_featured_box&quot;:&quot;&quot;}\">\u00a0<\/div>\n<div id=\"panel-55-0-0-0\" class=\"so-panel widget widget_qt_icon_box widget-icon-box panel-first-child\" data-index=\"0\" data-style=\"{&quot;background_image_attachment&quot;:false,&quot;background_display&quot;:&quot;tile&quot;,&quot;big_widget_title&quot;:&quot;&quot;,&quot;small_widget_title&quot;:&quot;&quot;,&quot;white_widget_title&quot;:&quot;&quot;,&quot;featured_box&quot;:&quot;&quot;,&quot;white_featured_box&quot;:&quot;&quot;}\"><span style=\"color: revert; font-size: revert; font-weight: revert;\">Prot\u00e8ge-slip lavable et linge blanc<\/span><\/div>\n<\/div>\n<\/div>\n<div id=\"pg-55-1\" class=\"panel-grid panel-has-style\" data-style=\"{&quot;padding&quot;:&quot;70px&quot;,&quot;background&quot;:&quot;#f9eeea&quot;,&quot;background_display&quot;:&quot;cover&quot;,&quot;bottom_margin&quot;:&quot;70px&quot;,&quot;row_stretch&quot;:&quot;full&quot;,&quot;cell_alignment&quot;:&quot;flex-start&quot;}\">\n<div class=\"siteorigin-panels-stretch panel-row-style panel-row-style-for-55-1\" data-stretch-type=\"full\">\n<div id=\"pgc-55-1-0\" class=\"panel-grid-cell\" data-weight=\"0.5\">\n<div id=\"panel-55-1-0-0\" class=\"so-panel widget widget_sow-editor panel-first-child panel-last-child\" data-index=\"6\" data-style=\"{&quot;background_image_attachment&quot;:false,&quot;background_display&quot;:&quot;tile&quot;,&quot;big_widget_title&quot;:true,&quot;small_widget_title&quot;:&quot;&quot;,&quot;white_widget_title&quot;:&quot;&quot;,&quot;featured_box&quot;:&quot;&quot;,&quot;white_featured_box&quot;:&quot;&quot;}\">\n<div class=\"bigger-widget-title panel-widget-style panel-widget-style-for-55-1-0-0\">\n<div class=\"so-widget-sow-editor so-widget-sow-editor-base\">\n<div class=\"siteorigin-widget-tinymce textwidget\">\n<p>Les principales ventes sont les suivantes :<\/p>\n<ul>\n<li><strong>Serviettes hygi\u00e9nique lavables\u00a0:<\/strong>\n<ul>\n<li>Mod\u00e8les Petites et Moyennes et \u00c9paisses<\/li>\n<\/ul>\n<\/li>\n<li><strong>Linge blanc\u00a0:<\/strong>\n<ul>\n<li>Gants et Serviettes de toilettes<\/li>\n<li><strong>V\u00eatements :<\/strong>\n<ul>\n<li>Tshirt , chemises de nuit et vestes.<\/li>\n<\/ul>\n<\/li>\n<\/ul>\n<\/li>\n<\/ul>\n<\/div>\n<\/div>\n<\/div>\n<\/div>\n<\/div>\n<div id=\"pgc-55-1-1\" class=\"panel-grid-cell\" data-weight=\"0.5\">\n<div id=\"panel-55-1-1-0\" class=\"so-panel widget widget_sow-editor panel-first-child panel-last-child\" data-index=\"7\" data-style=\"{&quot;background_image_attachment&quot;:false,&quot;background_display&quot;:&quot;tile&quot;,&quot;big_widget_title&quot;:true,&quot;small_widget_title&quot;:&quot;&quot;,&quot;white_widget_title&quot;:&quot;&quot;,&quot;featured_box&quot;:&quot;&quot;,&quot;white_featured_box&quot;:&quot;&quot;}\">\n<div class=\"bigger-widget-title panel-widget-style panel-widget-style-for-55-1-1-0\">\n<div class=\"so-widget-sow-editor so-widget-sow-editor-base\">\n<h3 class=\"widget-title\">Une Question ?<\/h3>\n<div class=\"siteorigin-widget-tinymce textwidget\">\n<p>contacter nous : aoudiaper@gmail.com<\/p>\n<\/div>\n<\/div>\n<\/div>\n<\/div>\n<\/div>\n<\/div>\n<\/div>\n<div id=\"pg-55-2\" class=\"panel-grid panel-has-style\" data-style=\"{&quot;padding&quot;:&quot;0px 0px 0px 0px&quot;,&quot;background_display&quot;:&quot;tile&quot;,&quot;bottom_margin&quot;:&quot;0px&quot;,&quot;cell_alignment&quot;:&quot;flex-start&quot;}\">\n<div class=\"panel-row-style panel-row-style-for-55-2\">\n<div id=\"pgc-55-2-0\" class=\"panel-grid-cell\" data-weight=\"1\">\n<div id=\"panel-55-2-0-0\" class=\"so-panel widget widget_text panel-first-child panel-last-child\" data-index=\"8\" data-style=\"{&quot;background_image_attachment&quot;:false,&quot;background_display&quot;:&quot;tile&quot;,&quot;big_widget_title&quot;:&quot;&quot;,&quot;small_widget_title&quot;:&quot;&quot;,&quot;white_widget_title&quot;:&quot;&quot;,&quot;featured_box&quot;:&quot;&quot;,&quot;white_featured_box&quot;:&quot;&quot;}\">\n<div class=\"textwidget\">\n<p><a name=\"Prot\u00e8ges-slip\"><\/a><\/p>\n<\/div>\n<\/div>\n<\/div>\n<\/div>\n<\/div>\n<div id=\"pg-55-3\" class=\"panel-grid panel-has-style\" data-style=\"{&quot;padding&quot;:&quot;70px 70px 70px 70px&quot;,&quot;background&quot;:&quot;#f7f7f7&quot;,&quot;background_display&quot;:&quot;tile&quot;,&quot;bottom_margin&quot;:&quot;70px&quot;,&quot;cell_alignment&quot;:&quot;flex-start&quot;}\">\n<div class=\"panel-row-style panel-row-style-for-55-3\">\n<div id=\"pgc-55-3-0\" class=\"panel-grid-cell\" data-weight=\"0.25\">\n<div id=\"panel-55-3-0-0\" class=\"so-panel widget widget_sow-editor panel-first-child panel-last-child\" data-index=\"9\" data-style=\"{&quot;background_image_attachment&quot;:false,&quot;background_display&quot;:&quot;tile&quot;,&quot;big_widget_title&quot;:&quot;&quot;,&quot;small_widget_title&quot;:&quot;&quot;,&quot;white_widget_title&quot;:&quot;&quot;,&quot;featured_box&quot;:&quot;&quot;,&quot;white_featured_box&quot;:&quot;&quot;}\">\n<div class=\"so-widget-sow-editor so-widget-sow-editor-base\">\n<h3 class=\"widget-title\">Notre activit\u00e9 principale<\/h3>\n<p>La confection de v\u00eatements<\/p>\n<div class=\"siteorigin-widget-tinymce textwidget\">\u00a0<\/div>\n<\/div>\n<\/div>\n<\/div>\n<\/div>\n<\/div>\n<div id=\"pg-55-4\" class=\"panel-grid panel-has-style\" data-style=\"{&quot;padding&quot;:&quot;70px 70px 70px 70px&quot;,&quot;background_image_attachment&quot;:&quot;7686&quot;,&quot;background_image_attachment_fallback&quot;:false,&quot;background_display&quot;:&quot;tile&quot;,&quot;bottom_margin&quot;:&quot;70px&quot;,&quot;row_stretch&quot;:&quot;full&quot;,&quot;cell_alignment&quot;:&quot;flex-start&quot;}\">\n<div class=\"siteorigin-panels-stretch panel-row-style panel-row-style-for-55-4\" data-stretch-type=\"full\">\n<div id=\"pgc-55-4-0\" class=\"panel-grid-cell\" data-weight=\"1\">\n<div id=\"panel-55-4-0-0\" class=\"so-panel widget widget_sow-editor panel-first-child panel-last-child\" data-index=\"16\" data-style=\"{&quot;padding&quot;:&quot;50px 50px 50px 50px&quot;,&quot;background&quot;:&quot;#ffffff&quot;,&quot;background_image_attachment&quot;:false,&quot;background_display&quot;:&quot;tile&quot;,&quot;border_color&quot;:&quot;#dbdbdb&quot;,&quot;big_widget_title&quot;:&quot;&quot;,&quot;small_widget_title&quot;:&quot;&quot;,&quot;white_widget_title&quot;:&quot;&quot;,&quot;featured_box&quot;:&quot;&quot;,&quot;white_featured_box&quot;:&quot;&quot;}\">\n<div class=\"panel-widget-style panel-widget-style-for-55-4-0-0\">\n<div class=\"so-widget-sow-editor so-widget-sow-editor-base\">\n<div class=\"siteorigin-widget-tinymce textwidget\">\n<p style=\"text-align: right;\">\u00a0<\/p>\n<p>\u00a0<\/p>\n<\/div>\n<\/div>\n<\/div>\n<\/div>\n<\/div>\n<\/div>\n<\/div>\n<div id=\"pg-55-5\" class=\"panel-grid panel-has-style\" data-style=\"{&quot;padding&quot;:&quot;75px&quot;,&quot;background&quot;:&quot;#bae2e1&quot;,&quot;background_display&quot;:&quot;tile&quot;,&quot;row_stretch&quot;:&quot;full&quot;,&quot;cell_alignment&quot;:&quot;flex-start&quot;}\">\n<div class=\"siteorigin-panels-stretch panel-row-style panel-row-style-for-55-5\" data-stretch-type=\"full\">\n<div id=\"pgc-55-5-0\" class=\"panel-grid-cell\" data-weight=\"1\">\n<div id=\"panel-55-5-0-0\" class=\"so-panel widget widget_qt_testimonials widget-testimonials panel-first-child panel-last-child\" data-index=\"17\" data-style=\"{&quot;background_image_attachment&quot;:false,&quot;background_display&quot;:&quot;tile&quot;,&quot;big_widget_title&quot;:true,&quot;small_widget_title&quot;:&quot;&quot;,&quot;white_widget_title&quot;:&quot;&quot;,&quot;featured_box&quot;:&quot;&quot;,&quot;white_featured_box&quot;:&quot;&quot;}\">\n<div class=\"bigger-widget-title panel-widget-style panel-widget-style-for-55-5-0-0\">\u00a0<\/div>\n<\/div>\n<\/div>\n<\/div>\n<\/div>\n<\/div>\n<\/div><\/div>\n<\/div>\n<\/div>\n","protected":false},"excerpt":{"rendered":"<p>\u00a0 Prot\u00e8ge-slip lavable et linge blanc Les principales ventes sont les suivantes : Serviettes hygi\u00e9nique lavables\u00a0: Mod\u00e8les Petites et Moyennes et \u00c9paisses Linge blanc\u00a0: Gants et Serviettes de toilettes V\u00eatements : Tshirt , chemises de nuit et vestes. Une Question ? contacter nous : aoudiaper@gmail.com Notre activit\u00e9 principale La confection de v\u00eatements \u00a0 \u00a0 \u00a0 [&hellip;]<\/p>\n","protected":false},"author":1,"featured_media":0,"parent":0,"menu_order":0,"comment_status":"closed","ping_status":"closed","template":"","meta":{"footnotes":""},"class_list":["post-55","page","type-page","status-publish","hentry"],"_links":{"self":[{"href":"https:\/\/aoudiaper.com\/index.php\/wp-json\/wp\/v2\/pages\/55","targetHints":{"allow":["GET"]}}],"collection":[{"href":"https:\/\/aoudiaper.com\/index.php\/wp-json\/wp\/v2\/pages"}],"about":[{"href":"https:\/\/aoudiaper.com\/index.php\/wp-json\/wp\/v2\/types\/page"}],"author":[{"embeddable":true,"href":"https:\/\/aoudiaper.com\/index.php\/wp-json\/wp\/v2\/users\/1"}],"replies":[{"embeddable":true,"href":"https:\/\/aoudiaper.com\/index.php\/wp-json\/wp\/v2\/comments?post=55"}],"version-history":[{"count":1092,"href":"https:\/\/aoudiaper.com\/index.php\/wp-json\/wp\/v2\/pages\/55\/revisions"}],"predecessor-version":[{"id":16664,"href":"https:\/\/aoudiaper.com\/index.php\/wp-json\/wp\/v2\/pages\/55\/revisions\/16664"}],"wp:attachment":[{"href":"https:\/\/aoudiaper.com\/index.php\/wp-json\/wp\/v2\/media?parent=55"}],"curies":[{"name":"wp","href":"https:\/\/api.w.org\/{rel}","templated":true}]}}